{"id":13,"date":"2020-06-24T23:55:11","date_gmt":"2020-06-24T20:55:11","guid":{"rendered":"http:\/\/test.polifilm.com.tr\/?page_id=13"},"modified":"2021-07-01T17:21:32","modified_gmt":"2021-07-01T14:21:32","slug":"politica-de-privacidad","status":"publish","type":"page","link":"https:\/\/www.polifilm.com.tr\/es\/politica-de-privacidad\/","title":{"rendered":"Pol\u00edtica de Privacidad"},"content":{"rendered":"<h2>POL\u00cdTICA DE COOKIES<\/h2>\n<p>Polifilm Flexible Films (en adelante, brevemente, la \u00abEmpresa\u00bb) coloca cookies en el sitio web \u00abhttps:\/\/www.polifilm.com.tr\/\u00bb.<\/p>\n<h2>\u00bfQu\u00e9 es una cookie?<\/h2>\n<p>Las cookies son peque\u00f1os archivos de texto que el servidor del sitio web coloca en el disco duro de los usuarios de Internet que visitan el sitio web.<\/p>\n<h2>\u00bfPor qu\u00e9 usamos cookies?<\/h2>\n<p>Las cookies se usan para facilitar el uso del sitio a los usuarios visit\u00e1ndolo y para mejorar su contenido seg\u00fan los intereses y las necesidades mediante la recopilaci\u00f3n de datos estad\u00edsticos obtenidos de forma an\u00f3nima. Las cookies colocadas por la empresa no identifican, registran ni almacenan sus datos personales como su identificaci\u00f3n, su n\u00famero de tel\u00e9fono, su direcci\u00f3n de correo electr\u00f3nico. No se usan para ejecutar programas en su computadora. No contienen virus y no se usan para enviar virus a su computadora. No se puede acceder a la informaci\u00f3n\/los datos personales en su computadora a trav\u00e9s de las cookies. Las cookies se clasifican en dos grupos: \u00ablas cookies de sesi\u00f3n\u00bb y \u00ablas cookies continuas\u00bb. Las cookies de sesi\u00f3n son temporales y se quedan hasta que deja el sitio web y contienen informaci\u00f3n que el sitio recuerda y usa durante la navegaci\u00f3n de los usuarios en Internet visitando las p\u00e1ginas del sitio web. Por ejemplo, cuando desea volver de la p\u00e1gina en la pantalla, la cookie recuerda la p\u00e1gina anterior y le lleva a esa p\u00e1gina. Las cookies continuas, por otro lado, son cookies que se almacenan en el dispositivo de los usuarios de Internet que visitan el sitio web incluso despu\u00e9s de que dejan el sitio web. En caso de que se vuelva a visitar el sitio web, este tipo de cookies permiten al servidor recordar los usuarios de Internet que ya han visitado el sitio web, pero no almacenan la informaci\u00f3n personal de los usuarios. No se colocan cookies continuas en el sitio web. El siguiente gr\u00e1fico indica la cookie ubicada en el sitio web. Tener en cuenta que nosotros, como empresa, podemos cambiar o actualizar las cookies. El siguiente gr\u00e1fico se actualizar\u00e1 con cada cambio.<\/p>\n<h2>Gesti\u00f3n de la Configuraci\u00f3n de las Cookies<\/h2>\n<p>Le recomendamos que acepte cookies para usar el sitio web de la forma m\u00e1s eficaz posible. Puede ver el sitio web sin cookies. Los navegadores de Internet est\u00e1n configurados para aceptar cookies en cualquier momento. Siempre puede detener el uso de cookies a trav\u00e9s de la configuraci\u00f3n de su navegador. Usar la funci\u00f3n de ayuda de su navegador para aprender c\u00f3mo cambiar la configuraci\u00f3n para administrar sus cookies. Cuando deje de usar cookies o cambie la configuraci\u00f3n de cookies, tener en cuenta que algunas funciones del sitio web pueden no funcionar correctamente.<\/p>\n<h2>Enlaces a Otros Sitios Web<\/h2>\n<p>El sitio web contiene enlaces a otros sitios web. No tenemos ninguna influencia sobre si los administradores de estos sitios cumplen con las disposiciones de protecci\u00f3n de datos. La empresa no es responsable del contenido de los sitios a los que enlaza (y del contenido de otros sitios a los que enlazan esos sitios) y no tiene autoridad para interferir con el contenido de los sitios a los que proporciona enlaces. Dado que el Sitio Web est\u00e1 cambiando y desarroll\u00e1ndose en funci\u00f3n de los desarrollos tecnol\u00f3gicos y legales, en consecuencia, esta Pol\u00edtica de Cookies tambi\u00e9n se actualizar\u00e1 de vez en cuando, la versi\u00f3n actual de la Pol\u00edtica de Cookies se publicar\u00e1 en https:\/\/www.polifilm.com.tr\/gizlilik-politikasi\/ y siempre estar\u00e1 disponible.<\/p>\n<h2>Informaci\u00f3n Adicional<\/h2>\n<p>POL\u00cdTICA DE PROTECCI\u00d3N Y DE TRATAMIENTO DE DATOS PERSONALES<\/p>\n<p>AUTORIZACION EXPL\u00cdCITA DEL EMPLEADO SEG\u00daN LA LEY DE PROTECCI\u00d3N Y DE TRATAMIENTO DE DATOS PERSONALES<\/p>\n<p>POL\u00cdTICA DE COOKIES DE NUESTRA EMPRESA<\/p>\n<p>POL\u0130F\u0130LM AMBALAJ A.\u015e. TEXTO DE CLARIFICACI\u00d3N<\/p>\n","protected":false},"excerpt":{"rendered":"<p>POL\u00cdTICA DE COOKIES Polifilm Flexible Films (en adelante, brevemente, la \u00abEmpresa\u00bb) coloca cookies en el sitio web \u00abhttps:\/\/www.polifilm.com.tr\/\u00bb. \u00bfQu\u00e9 es una cookie? Las cookies son peque\u00f1os archivos de texto que el servidor del sitio web coloca en el disco duro de los usuarios de Internet que visitan el sitio web. \u00bfPor qu\u00e9 usamos cookies? Las [&hellip;]<\/p>\n","protected":false},"author":1,"featured_media":0,"parent":0,"menu_order":0,"comment_status":"closed","ping_status":"closed","template":"","meta":[],"yoast_head":"<!-- This site is optimized with the Yoast SEO plugin v19.13 - https:\/\/yoast.com\/wordpress\/plugins\/seo\/ -->\n<title>Polifilm Flexible Films | Pol\u00edtica de Privacidad<\/title>\n<meta name=\"description\" content=\"Polifilm: Functional, innovative and effective solutions adapted to the needs of the market\" \/>\n<meta name=\"robots\" content=\"index, follow, max-snippet:-1, max-image-preview:large, max-video-preview:-1\" \/>\n<link rel=\"canonical\" href=\"https:\/\/www.polifilm.com.tr\/es\/politica-de-privacidad\/\" \/>\n<meta property=\"og:locale\" content=\"es_ES\" \/>\n<meta property=\"og:type\" content=\"article\" \/>\n<meta property=\"og:title\" content=\"Polifilm Flexible Films | Pol\u00edtica de Privacidad\" \/>\n<meta property=\"og:description\" content=\"Polifilm: Functional, innovative and effective solutions adapted to the needs of the market\" \/>\n<meta property=\"og:url\" content=\"https:\/\/www.polifilm.com.tr\/es\/politica-de-privacidad\/\" \/>\n<meta property=\"og:site_name\" content=\"Polifilm\" \/>\n<meta property=\"article:modified_time\" content=\"2021-07-01T14:21:32+00:00\" \/>\n<meta name=\"twitter:card\" content=\"summary_large_image\" \/>\n<meta name=\"twitter:title\" content=\"Polifilm Flexible Films | Pol\u00edtica de Privacidad\" \/>\n<meta name=\"twitter:description\" content=\"Polifilm: Functional, innovative and effective solutions adapted to the needs of the market\" \/>\n<meta name=\"twitter:label1\" content=\"Tiempo de lectura\" \/>\n\t<meta name=\"twitter:data1\" content=\"3 minutos\" \/>\n<script type=\"application\/ld+json\" class=\"yoast-schema-graph\">{\"@context\":\"https:\/\/schema.org\",\"@graph\":[{\"@type\":\"WebPage\",\"@id\":\"https:\/\/www.polifilm.com.tr\/es\/politica-de-privacidad\/\",\"url\":\"https:\/\/www.polifilm.com.tr\/es\/politica-de-privacidad\/\",\"name\":\"Polifilm Flexible Films | Pol\u00edtica de Privacidad\",\"isPartOf\":{\"@id\":\"https:\/\/www.polifilm.com.tr\/en\/#website\"},\"datePublished\":\"2020-06-24T20:55:11+00:00\",\"dateModified\":\"2021-07-01T14:21:32+00:00\",\"description\":\"Polifilm: Functional, innovative and effective solutions adapted to the needs of the market\",\"breadcrumb\":{\"@id\":\"https:\/\/www.polifilm.com.tr\/es\/politica-de-privacidad\/#breadcrumb\"},\"inLanguage\":\"es\",\"potentialAction\":[{\"@type\":\"ReadAction\",\"target\":[\"https:\/\/www.polifilm.com.tr\/es\/politica-de-privacidad\/\"]}]},{\"@type\":\"BreadcrumbList\",\"@id\":\"https:\/\/www.polifilm.com.tr\/es\/politica-de-privacidad\/#breadcrumb\",\"itemListElement\":[{\"@type\":\"ListItem\",\"position\":1,\"name\":\"Ana sayfa\",\"item\":\"https:\/\/www.polifilm.com.tr\/es\/\"},{\"@type\":\"ListItem\",\"position\":2,\"name\":\"Pol\u00edtica de Privacidad\"}]},{\"@type\":\"WebSite\",\"@id\":\"https:\/\/www.polifilm.com.tr\/en\/#website\",\"url\":\"https:\/\/www.polifilm.com.tr\/en\/\",\"name\":\"Polifilm\",\"description\":\"Bir ba\u015fka WordPress sitesi\",\"potentialAction\":[{\"@type\":\"SearchAction\",\"target\":{\"@type\":\"EntryPoint\",\"urlTemplate\":\"https:\/\/www.polifilm.com.tr\/en\/?s={search_term_string}\"},\"query-input\":\"required name=search_term_string\"}],\"inLanguage\":\"es\"}]}<\/script>\n<!-- \/ Yoast SEO plugin. -->","yoast_head_json":{"title":"Polifilm Flexible Films | Pol\u00edtica de Privacidad","description":"Polifilm: Functional, innovative and effective solutions adapted to the needs of the market","robots":{"index":"index","follow":"follow","max-snippet":"max-snippet:-1","max-image-preview":"max-image-preview:large","max-video-preview":"max-video-preview:-1"},"canonical":"https:\/\/www.polifilm.com.tr\/es\/politica-de-privacidad\/","og_locale":"es_ES","og_type":"article","og_title":"Polifilm Flexible Films | Pol\u00edtica de Privacidad","og_description":"Polifilm: Functional, innovative and effective solutions adapted to the needs of the market","og_url":"https:\/\/www.polifilm.com.tr\/es\/politica-de-privacidad\/","og_site_name":"Polifilm","article_modified_time":"2021-07-01T14:21:32+00:00","twitter_card":"summary_large_image","twitter_title":"Polifilm Flexible Films | Pol\u00edtica de Privacidad","twitter_description":"Polifilm: Functional, innovative and effective solutions adapted to the needs of the market","twitter_misc":{"Tiempo de lectura":"3 minutos"},"schema":{"@context":"https:\/\/schema.org","@graph":[{"@type":"WebPage","@id":"https:\/\/www.polifilm.com.tr\/es\/politica-de-privacidad\/","url":"https:\/\/www.polifilm.com.tr\/es\/politica-de-privacidad\/","name":"Polifilm Flexible Films | Pol\u00edtica de Privacidad","isPartOf":{"@id":"https:\/\/www.polifilm.com.tr\/en\/#website"},"datePublished":"2020-06-24T20:55:11+00:00","dateModified":"2021-07-01T14:21:32+00:00","description":"Polifilm: Functional, innovative and effective solutions adapted to the needs of the market","breadcrumb":{"@id":"https:\/\/www.polifilm.com.tr\/es\/politica-de-privacidad\/#breadcrumb"},"inLanguage":"es","potentialAction":[{"@type":"ReadAction","target":["https:\/\/www.polifilm.com.tr\/es\/politica-de-privacidad\/"]}]},{"@type":"BreadcrumbList","@id":"https:\/\/www.polifilm.com.tr\/es\/politica-de-privacidad\/#breadcrumb","itemListElement":[{"@type":"ListItem","position":1,"name":"Ana sayfa","item":"https:\/\/www.polifilm.com.tr\/es\/"},{"@type":"ListItem","position":2,"name":"Pol\u00edtica de Privacidad"}]},{"@type":"WebSite","@id":"https:\/\/www.polifilm.com.tr\/en\/#website","url":"https:\/\/www.polifilm.com.tr\/en\/","name":"Polifilm","description":"Bir ba\u015fka WordPress sitesi","potentialAction":[{"@type":"SearchAction","target":{"@type":"EntryPoint","urlTemplate":"https:\/\/www.polifilm.com.tr\/en\/?s={search_term_string}"},"query-input":"required name=search_term_string"}],"inLanguage":"es"}]}},"acf":[],"_links":{"self":[{"href":"https:\/\/www.polifilm.com.tr\/es\/wp-json\/wp\/v2\/pages\/13"}],"collection":[{"href":"https:\/\/www.polifilm.com.tr\/es\/wp-json\/wp\/v2\/pages"}],"about":[{"href":"https:\/\/www.polifilm.com.tr\/es\/wp-json\/wp\/v2\/types\/page"}],"author":[{"embeddable":true,"href":"https:\/\/www.polifilm.com.tr\/es\/wp-json\/wp\/v2\/users\/1"}],"replies":[{"embeddable":true,"href":"https:\/\/www.polifilm.com.tr\/es\/wp-json\/wp\/v2\/comments?post=13"}],"version-history":[{"count":3,"href":"https:\/\/www.polifilm.com.tr\/es\/wp-json\/wp\/v2\/pages\/13\/revisions"}],"predecessor-version":[{"id":1605,"href":"https:\/\/www.polifilm.com.tr\/es\/wp-json\/wp\/v2\/pages\/13\/revisions\/1605"}],"wp:attachment":[{"href":"https:\/\/www.polifilm.com.tr\/es\/wp-json\/wp\/v2\/media?parent=13"}],"curies":[{"name":"wp","href":"https:\/\/api.w.org\/{rel}","templated":true}]}}